{"id":14588,"date":"2020-11-05T09:14:06","date_gmt":"2020-11-05T12:14:06","guid":{"rendered":"http:\/\/cooltivarte.com\/portal\/?page_id=14588"},"modified":"2026-03-05T18:26:19","modified_gmt":"2026-03-05T21:26:19","slug":"calendario-eventos","status":"publish","type":"page","link":"https:\/\/cooltivarte.com\/portal\/calendario-eventos\/","title":{"rendered":"Calendario"},"content":{"rendered":"<p><span style=\"color: #000000;\"><img fetchpriority=\"high\" decoding=\"async\" class=\"aligncenter wp-image-99450 size-large\" title=\"m\u00fasica en vivo\" src=\"https:\/\/cooltivarte.com\/portal\/wp-content\/uploads\/2024\/02\/musica-en-vivo-1024x576.jpg\" alt=\"m\u00fasica en vivo\" width=\"1024\" height=\"576\" srcset=\"https:\/\/cooltivarte.com\/portal\/wp-content\/uploads\/2024\/02\/musica-en-vivo-1024x576.jpg 1024w, https:\/\/cooltivarte.com\/portal\/wp-content\/uploads\/2024\/02\/musica-en-vivo-300x169.jpg 300w, https:\/\/cooltivarte.com\/portal\/wp-content\/uploads\/2024\/02\/musica-en-vivo-768x432.jpg 768w, https:\/\/cooltivarte.com\/portal\/wp-content\/uploads\/2024\/02\/musica-en-vivo-1536x864.jpg 1536w, https:\/\/cooltivarte.com\/portal\/wp-content\/uploads\/2024\/02\/musica-en-vivo.jpg 1600w\" sizes=\"(max-width: 1024px) 100vw, 1024px\" \/><\/span><\/p>\n<p>&nbsp;<\/p>\n<table align=\"center\">\n<tbody>\n<tr>\n<td>jueves, 5 de marzo<br \/>\n<strong>FRANNY GLASS<\/strong><br \/>\nViento Sur &#8211; Solymar, Canelones UY&nbsp;<a href=\"https:\/\/www.instagram.com\/frannyglassuy\/\" target=\"_blank\" rel=\"noopener\" data-saferedirecturl=\"https:\/\/www.google.com\/url?q=https:\/\/www.instagram.com\/frannyglassuy\/&amp;source=gmail&amp;ust=1772824957657000&amp;usg=AOvVaw1f5_7vSxSep6ldq5WjF0Ol\"><img decoding=\"async\" class=\"CToWUd\" src=\"https:\/\/ci3.googleusercontent.com\/meips\/ADKq_NZ0YJ4l56O2I5KKdDC67QmT0Mn0OgpU5fBsrBxkDsk0BxqxR9fOR0nFyExmXHA7g8CNstMslSCJ2aZ5iqplm_mrcmDpGANjDJHCrFQwalwQMcyLau6C73wOJWmlry2_D1CuxGdP3TU1Bea9xHpmhH1dbytc0ljhCand1YqxnBl91KeTIRv-psyt5mLxcA=s0-d-e1-ft#https:\/\/tr138974517.bizarrorecords.com\/data\/e25d56d882363a69df9e8c2efe908143945ffcdb\/media_files\/2070\/original\/INFO.jpg\" alt=\"\" width=\"20\" height=\"20\" data-bit=\"iit\"\/><\/a><\/td>\n<\/tr>\n<tr>\n<td>&nbsp;<\/td>\n<\/tr>\n<tr>\n<td>\n<div>s\u00e1bado, 7 de marzo<br \/>\n<strong>B\u00c1RBARA JORCIN<\/strong><\/div>\n<div>Enriqueta, Montevideo UY&nbsp;<a href=\"https:\/\/www.instagram.com\/p\/DU2-S7NjkWP\/?utm_source=ig_web_copy_link&amp;igsh=MzRlODBiNWFlZA==\" target=\"_blank\" rel=\"noopener\" data-saferedirecturl=\"https:\/\/www.google.com\/url?q=https:\/\/www.instagram.com\/p\/DU2-S7NjkWP\/?utm_source%3Dig_web_copy_link%26igsh%3DMzRlODBiNWFlZA%3D%3D&amp;source=gmail&amp;ust=1772824957657000&amp;usg=AOvVaw3zsQiZ2cAO8vSe9mesDZgb\"><img decoding=\"async\" class=\"CToWUd\" src=\"https:\/\/ci3.googleusercontent.com\/meips\/ADKq_NZ0YJ4l56O2I5KKdDC67QmT0Mn0OgpU5fBsrBxkDsk0BxqxR9fOR0nFyExmXHA7g8CNstMslSCJ2aZ5iqplm_mrcmDpGANjDJHCrFQwalwQMcyLau6C73wOJWmlry2_D1CuxGdP3TU1Bea9xHpmhH1dbytc0ljhCand1YqxnBl91KeTIRv-psyt5mLxcA=s0-d-e1-ft#https:\/\/tr138974517.bizarrorecords.com\/data\/e25d56d882363a69df9e8c2efe908143945ffcdb\/media_files\/2070\/original\/INFO.jpg\" alt=\"\" width=\"20\" height=\"20\" data-bit=\"iit\"\/><\/a><\/div>\n<\/td>\n<\/tr>\n<tr>\n<td>&nbsp;<\/td>\n<\/tr>\n<tr>\n<td>\n<div>s\u00e1bado, 7 de marzo<br \/>\n<strong>MAIA CASTRO<\/strong><\/div>\n<div>Teatro Larra\u00f1aga, Salto UY&nbsp;<a href=\"https:\/\/redtickets.uy\/evento\/Maia-Castro-en-Salto\/26882\/\" target=\"_blank\" rel=\"noopener\" data-saferedirecturl=\"https:\/\/www.google.com\/url?q=https:\/\/redtickets.uy\/evento\/Maia-Castro-en-Salto\/26882\/&amp;source=gmail&amp;ust=1772824957657000&amp;usg=AOvVaw3_coIeYC97zRdhuPuN2VRa\"><img decoding=\"async\" class=\"CToWUd\" src=\"https:\/\/ci3.googleusercontent.com\/meips\/ADKq_NZ0YJ4l56O2I5KKdDC67QmT0Mn0OgpU5fBsrBxkDsk0BxqxR9fOR0nFyExmXHA7g8CNstMslSCJ2aZ5iqplm_mrcmDpGANjDJHCrFQwalwQMcyLau6C73wOJWmlry2_D1CuxGdP3TU1Bea9xHpmhH1dbytc0ljhCand1YqxnBl91KeTIRv-psyt5mLxcA=s0-d-e1-ft#https:\/\/tr138974517.bizarrorecords.com\/data\/e25d56d882363a69df9e8c2efe908143945ffcdb\/media_files\/2070\/original\/INFO.jpg\" alt=\"\" width=\"20\" height=\"20\" data-bit=\"iit\"\/><\/a><\/div>\n<\/td>\n<\/tr>\n<tr>\n<td>&nbsp;<\/td>\n<\/tr>\n<tr>\n<td>\n<div>viernes, 13 de marzo<br \/>\n<strong>TABAR\u00c9 LEYTON<\/strong><\/div>\n<div>Magnolio Sala, Montevideo UY&nbsp;<a href=\"https:\/\/www.instagram.com\/elclubdetobi_oficial\/\" target=\"_blank\" rel=\"noopener\" data-saferedirecturl=\"https:\/\/www.google.com\/url?q=https:\/\/www.instagram.com\/elclubdetobi_oficial\/&amp;source=gmail&amp;ust=1772824957657000&amp;usg=AOvVaw3wbfZTyH_rR-wuAJ6yL9oG\"><img decoding=\"async\" class=\"CToWUd\" src=\"https:\/\/ci3.googleusercontent.com\/meips\/ADKq_NZ0YJ4l56O2I5KKdDC67QmT0Mn0OgpU5fBsrBxkDsk0BxqxR9fOR0nFyExmXHA7g8CNstMslSCJ2aZ5iqplm_mrcmDpGANjDJHCrFQwalwQMcyLau6C73wOJWmlry2_D1CuxGdP3TU1Bea9xHpmhH1dbytc0ljhCand1YqxnBl91KeTIRv-psyt5mLxcA=s0-d-e1-ft#https:\/\/tr138974517.bizarrorecords.com\/data\/e25d56d882363a69df9e8c2efe908143945ffcdb\/media_files\/2070\/original\/INFO.jpg\" alt=\"\" width=\"20\" height=\"20\" data-bit=\"iit\"\/><\/a><\/div>\n<\/td>\n<\/tr>\n<tr>\n<td>&nbsp;<\/td>\n<\/tr>\n<tr>\n<td>\n<div>s\u00e1bado, 21 de marzo<br \/>\n<strong>CLUB DE TOBI<\/strong><\/div>\n<div>Viento Sur, Solymar &#8211; Canelones UY&nbsp;<a href=\"https:\/\/www.instagram.com\/elclubdetobi_oficial\/\" target=\"_blank\" rel=\"noopener\" data-saferedirecturl=\"https:\/\/www.google.com\/url?q=https:\/\/www.instagram.com\/elclubdetobi_oficial\/&amp;source=gmail&amp;ust=1772824957657000&amp;usg=AOvVaw3wbfZTyH_rR-wuAJ6yL9oG\"><img decoding=\"async\" class=\"CToWUd\" src=\"https:\/\/ci3.googleusercontent.com\/meips\/ADKq_NZ0YJ4l56O2I5KKdDC67QmT0Mn0OgpU5fBsrBxkDsk0BxqxR9fOR0nFyExmXHA7g8CNstMslSCJ2aZ5iqplm_mrcmDpGANjDJHCrFQwalwQMcyLau6C73wOJWmlry2_D1CuxGdP3TU1Bea9xHpmhH1dbytc0ljhCand1YqxnBl91KeTIRv-psyt5mLxcA=s0-d-e1-ft#https:\/\/tr138974517.bizarrorecords.com\/data\/e25d56d882363a69df9e8c2efe908143945ffcdb\/media_files\/2070\/original\/INFO.jpg\" alt=\"\" width=\"20\" height=\"20\" data-bit=\"iit\"\/><\/a><\/div>\n<\/td>\n<\/tr>\n<tr>\n<td>&nbsp;<\/td>\n<\/tr>\n<tr>\n<td>\n<div>s\u00e1bado, 21 de marzo<br \/>\n<strong>TROTSKY VENGAR\u00c1N<\/strong><\/div>\n<div>Cosqu\u00edn Rock &#8211; Montevideo UY&nbsp;<a href=\"https:\/\/www.instagram.com\/trotskyvengaran\/\" target=\"_blank\" rel=\"noopener\" data-saferedirecturl=\"https:\/\/www.google.com\/url?q=https:\/\/www.instagram.com\/trotskyvengaran\/&amp;source=gmail&amp;ust=1772824957657000&amp;usg=AOvVaw26vzvrkMhbaLShV51aN31q\"><img decoding=\"async\" class=\"CToWUd\" src=\"https:\/\/ci3.googleusercontent.com\/meips\/ADKq_NZ0YJ4l56O2I5KKdDC67QmT0Mn0OgpU5fBsrBxkDsk0BxqxR9fOR0nFyExmXHA7g8CNstMslSCJ2aZ5iqplm_mrcmDpGANjDJHCrFQwalwQMcyLau6C73wOJWmlry2_D1CuxGdP3TU1Bea9xHpmhH1dbytc0ljhCand1YqxnBl91KeTIRv-psyt5mLxcA=s0-d-e1-ft#https:\/\/tr138974517.bizarrorecords.com\/data\/e25d56d882363a69df9e8c2efe908143945ffcdb\/media_files\/2070\/original\/INFO.jpg\" alt=\"\" width=\"20\" height=\"20\" data-bit=\"iit\"\/><\/a><\/div>\n<\/td>\n<\/tr>\n<tr>\n<td>&nbsp;<\/td>\n<\/tr>\n<tr>\n<td>\n<div>s\u00e1bado, 11 de abril<br \/>\n<strong>MATEO MORENO<\/strong><\/div>\n<div>Sociedad Urbana Villa Dolores &#8211; Montevideo UY&nbsp;<a href=\"https:\/\/www.instagram.com\/mateomorenook\/\" target=\"_blank\" rel=\"noopener\" data-saferedirecturl=\"https:\/\/www.google.com\/url?q=https:\/\/www.instagram.com\/mateomorenook\/&amp;source=gmail&amp;ust=1772824957657000&amp;usg=AOvVaw0s53dmoRL_Ml0uG1q0GIBr\"><img decoding=\"async\" class=\"CToWUd\" src=\"https:\/\/ci3.googleusercontent.com\/meips\/ADKq_NZ0YJ4l56O2I5KKdDC67QmT0Mn0OgpU5fBsrBxkDsk0BxqxR9fOR0nFyExmXHA7g8CNstMslSCJ2aZ5iqplm_mrcmDpGANjDJHCrFQwalwQMcyLau6C73wOJWmlry2_D1CuxGdP3TU1Bea9xHpmhH1dbytc0ljhCand1YqxnBl91KeTIRv-psyt5mLxcA=s0-d-e1-ft#https:\/\/tr138974517.bizarrorecords.com\/data\/e25d56d882363a69df9e8c2efe908143945ffcdb\/media_files\/2070\/original\/INFO.jpg\" alt=\"\" width=\"20\" height=\"20\" data-bit=\"iit\"\/><\/a><\/div>\n<\/td>\n<\/tr>\n<tr>\n<td>&nbsp;<\/td>\n<\/tr>\n<tr>\n<td>\n<div>domingo, 19 de abril<br \/>\n<strong>GUADALUPE CALZADA<\/strong><\/div>\n<div>Sala Hugo Balzo &#8211; Montevideo UY&nbsp;<a href=\"https:\/\/www.instagram.com\/guadacalzada\/\" target=\"_blank\" rel=\"noopener\" data-saferedirecturl=\"https:\/\/www.google.com\/url?q=https:\/\/www.instagram.com\/guadacalzada\/&amp;source=gmail&amp;ust=1772824957658000&amp;usg=AOvVaw0anKeU2MWbCZqdu012iHFk\"><img decoding=\"async\" class=\"CToWUd\" src=\"https:\/\/ci3.googleusercontent.com\/meips\/ADKq_NZ0YJ4l56O2I5KKdDC67QmT0Mn0OgpU5fBsrBxkDsk0BxqxR9fOR0nFyExmXHA7g8CNstMslSCJ2aZ5iqplm_mrcmDpGANjDJHCrFQwalwQMcyLau6C73wOJWmlry2_D1CuxGdP3TU1Bea9xHpmhH1dbytc0ljhCand1YqxnBl91KeTIRv-psyt5mLxcA=s0-d-e1-ft#https:\/\/tr138974517.bizarrorecords.com\/data\/e25d56d882363a69df9e8c2efe908143945ffcdb\/media_files\/2070\/original\/INFO.jpg\" alt=\"\" width=\"20\" height=\"20\" data-bit=\"iit\"\/><\/a><\/div>\n<\/td>\n<\/tr>\n<tr>\n<td>&nbsp;<\/td>\n<\/tr>\n<tr>\n<td>\n<div>viernes, 24 de abril<br \/>\n<strong>BUENOS MUCHACHOS<\/strong><\/div>\n<div>Teatro de Verano, Montevideo UY&nbsp;<a href=\"https:\/\/tickantel.com.uy\/inicio\/alta_demanda\/40020024\/espectaculo\/Buenos%20Muchachos\" target=\"_blank\" rel=\"noopener\" data-saferedirecturl=\"https:\/\/www.google.com\/url?q=https:\/\/tickantel.com.uy\/inicio\/alta_demanda\/40020024\/espectaculo\/Buenos%2520Muchachos&amp;source=gmail&amp;ust=1772824957658000&amp;usg=AOvVaw3WOJ2lT4Htz0397GYA1aaF\"><img decoding=\"async\" class=\"CToWUd\" src=\"https:\/\/ci3.googleusercontent.com\/meips\/ADKq_NZ0YJ4l56O2I5KKdDC67QmT0Mn0OgpU5fBsrBxkDsk0BxqxR9fOR0nFyExmXHA7g8CNstMslSCJ2aZ5iqplm_mrcmDpGANjDJHCrFQwalwQMcyLau6C73wOJWmlry2_D1CuxGdP3TU1Bea9xHpmhH1dbytc0ljhCand1YqxnBl91KeTIRv-psyt5mLxcA=s0-d-e1-ft#https:\/\/tr138974517.bizarrorecords.com\/data\/e25d56d882363a69df9e8c2efe908143945ffcdb\/media_files\/2070\/original\/INFO.jpg\" alt=\"\" width=\"20\" height=\"20\" data-bit=\"iit\"\/><\/a><\/div>\n<\/td>\n<\/tr>\n<tr>\n<td>&nbsp;<\/td>\n<\/tr>\n<tr>\n<td>\n<div>s\u00e1bado, 25 de abril<br \/>\n<strong>BUENOS MUCHACHOS<\/strong><\/div>\n<div>Teatro de Verano, Montevideo UY&nbsp;<a href=\"https:\/\/tickantel.com.uy\/inicio\/alta_demanda\/40020024\/espectaculo\/Buenos%20Muchachos\" target=\"_blank\" rel=\"noopener\" data-saferedirecturl=\"https:\/\/www.google.com\/url?q=https:\/\/tickantel.com.uy\/inicio\/alta_demanda\/40020024\/espectaculo\/Buenos%2520Muchachos&amp;source=gmail&amp;ust=1772824957658000&amp;usg=AOvVaw3WOJ2lT4Htz0397GYA1aaF\"><img decoding=\"async\" class=\"CToWUd\" src=\"https:\/\/ci3.googleusercontent.com\/meips\/ADKq_NZ0YJ4l56O2I5KKdDC67QmT0Mn0OgpU5fBsrBxkDsk0BxqxR9fOR0nFyExmXHA7g8CNstMslSCJ2aZ5iqplm_mrcmDpGANjDJHCrFQwalwQMcyLau6C73wOJWmlry2_D1CuxGdP3TU1Bea9xHpmhH1dbytc0ljhCand1YqxnBl91KeTIRv-psyt5mLxcA=s0-d-e1-ft#https:\/\/tr138974517.bizarrorecords.com\/data\/e25d56d882363a69df9e8c2efe908143945ffcdb\/media_files\/2070\/original\/INFO.jpg\" alt=\"\" width=\"20\" height=\"20\" data-bit=\"iit\"\/><\/a><\/div>\n<\/td>\n<\/tr>\n<tr>\n<td>&nbsp;<\/td>\n<\/tr>\n<tr>\n<td>\n<div>domingo, 26 de abril<br \/>\n<strong>ALDANA<\/strong><\/div>\n<div>Sala Camacu\u00e1 &#8211; Montevideo UY&nbsp;<a href=\"https:\/\/www.instagram.com\/canciones_autumn\/\" target=\"_blank\" rel=\"noopener\" data-saferedirecturl=\"https:\/\/www.google.com\/url?q=https:\/\/www.instagram.com\/canciones_autumn\/&amp;source=gmail&amp;ust=1772824957658000&amp;usg=AOvVaw3sVZeM6Bg4PtJ1ku32WVh4\"><img decoding=\"async\" class=\"CToWUd\" src=\"https:\/\/ci3.googleusercontent.com\/meips\/ADKq_NZ0YJ4l56O2I5KKdDC67QmT0Mn0OgpU5fBsrBxkDsk0BxqxR9fOR0nFyExmXHA7g8CNstMslSCJ2aZ5iqplm_mrcmDpGANjDJHCrFQwalwQMcyLau6C73wOJWmlry2_D1CuxGdP3TU1Bea9xHpmhH1dbytc0ljhCand1YqxnBl91KeTIRv-psyt5mLxcA=s0-d-e1-ft#https:\/\/tr138974517.bizarrorecords.com\/data\/e25d56d882363a69df9e8c2efe908143945ffcdb\/media_files\/2070\/original\/INFO.jpg\" alt=\"\" width=\"20\" height=\"20\" data-bit=\"iit\"\/><\/a><\/div>\n<\/td>\n<\/tr>\n<tr>\n<td>&nbsp;<\/td>\n<\/tr>\n<tr>\n<td>\n<div>domingo, 26 de abril<br \/>\n<strong>PABLO FELIX<\/strong><\/div>\n<div>Sala Camacu\u00e1 &#8211; Montevideo UY&nbsp;<a href=\"https:\/\/www.instagram.com\/canciones_autumn\/\" target=\"_blank\" rel=\"noopener\" data-saferedirecturl=\"https:\/\/www.google.com\/url?q=https:\/\/www.instagram.com\/canciones_autumn\/&amp;source=gmail&amp;ust=1772824957658000&amp;usg=AOvVaw3sVZeM6Bg4PtJ1ku32WVh4\"><img decoding=\"async\" class=\"CToWUd\" src=\"https:\/\/ci3.googleusercontent.com\/meips\/ADKq_NZ0YJ4l56O2I5KKdDC67QmT0Mn0OgpU5fBsrBxkDsk0BxqxR9fOR0nFyExmXHA7g8CNstMslSCJ2aZ5iqplm_mrcmDpGANjDJHCrFQwalwQMcyLau6C73wOJWmlry2_D1CuxGdP3TU1Bea9xHpmhH1dbytc0ljhCand1YqxnBl91KeTIRv-psyt5mLxcA=s0-d-e1-ft#https:\/\/tr138974517.bizarrorecords.com\/data\/e25d56d882363a69df9e8c2efe908143945ffcdb\/media_files\/2070\/original\/INFO.jpg\" alt=\"\" width=\"20\" height=\"20\" data-bit=\"iit\"\/><\/a><\/div>\n<\/td>\n<\/tr>\n<\/tbody>\n<\/table>\n","protected":false},"excerpt":{"rendered":"<p>&nbsp; jueves, 5 de marzo FRANNY GLASS Viento Sur &#8211; Solymar, Canelones UY&nbsp; &nbsp; s\u00e1bado, 7 de marzo B\u00c1RBARA JORCIN Enriqueta, Montevideo UY&nbsp; &nbsp; s\u00e1bado, 7 de marzo MAIA CASTRO Teatro Larra\u00f1aga, Salto UY&nbsp; &nbsp; viernes, 13 de marzo TABAR\u00c9 LEYTON Magnolio Sala, Montevideo UY&nbsp; &nbsp; s\u00e1bado, 21 de marzo CLUB DE TOBI Viento Sur, [&hellip;]<\/p>\n","protected":false},"author":2,"featured_media":0,"parent":0,"menu_order":0,"comment_status":"closed","ping_status":"closed","template":"","meta":{"om_disable_all_campaigns":false,"ngg_post_thumbnail":0,"jnews_page_loop":{"enable_page_loop":"0","first_title":"Latest Post","second_title":"","header_type":"heading_6","header_background":"","header_text_color":"","layout":"right-sidebar","sidebar":"default-sidebar","second_sidebar":"default-sidebar","sticky_sidebar":"1","module":"3","boxed":"0","boxed_shadow":"0","box_shadow":"0","excerpt_length":"20","content_date":"default","date_custom":"Y\/m\/d","content_pagination":"nav_1","pagination_align":"center","show_navtext":"0","show_pageinfo":"0","post_offset":"0","posts_per_page":"5","include_post":"","exclude_post":"","include_category":"","exclude_category":"","include_author":"","include_tag":"","exclude_tag":"","sort_by":"latest","post_sticky":"0","main_custom_image_size":"default","second_custom_image_size":"default"},"jnews_single_page":{"layout":"no-sidebar","sidebar":"default-sidebar","second_sidebar":"default-sidebar","sticky_sidebar":"1","show_post_featured":"1","show_post_meta":"0","share_position":"top","share_color":"share-monocrhome","show_post_title":"1","show_post_breadcrumbs":"1"},"jnews_social_meta":{"fb_title":"","fb_description":"","fb_image":"","twitter_title":"","twitter_description":"","twitter_image":""},"footnotes":""},"class_list":["post-14588","page","type-page","status-publish","hentry"],"yoast_head":"<!-- This site is optimized with the Yoast SEO plugin v27.4 - https:\/\/yoast.com\/product\/yoast-seo-wordpress\/ -->\n<title>Calendario - Cooltivarte Portal<\/title>\n<meta name=\"description\" content=\"Cartelera de Espect\u00e1culos\" \/>\n<meta name=\"robots\" content=\"index, follow, max-snippet:-1, max-image-preview:large, max-video-preview:-1\" \/>\n<link rel=\"canonical\" href=\"https:\/\/cooltivarte.com\/portal\/calendario-eventos\/\" \/>\n<meta property=\"og:locale\" content=\"es_ES\" \/>\n<meta property=\"og:type\" content=\"article\" \/>\n<meta property=\"og:title\" content=\"Cartelera de Espect\u00e1culos - M\u00fasica en vivo\" \/>\n<meta property=\"og:description\" content=\"Cartelera de Espect\u00e1culos - M\u00fasica en vivo\" \/>\n<meta property=\"og:url\" content=\"https:\/\/cooltivarte.com\/portal\/calendario-eventos\/\" \/>\n<meta property=\"og:site_name\" content=\"Cooltivarte Portal\" \/>\n<meta property=\"article:publisher\" content=\"https:\/\/www.facebook.com\/cooltivartecom\/\" \/>\n<meta property=\"article:modified_time\" content=\"2026-03-05T21:26:19+00:00\" \/>\n<meta property=\"og:image\" content=\"https:\/\/cooltivarte.com\/portal\/wp-content\/uploads\/2024\/02\/musica-en-vivo.jpg\" \/>\n\t<meta property=\"og:image:width\" content=\"1600\" \/>\n\t<meta property=\"og:image:height\" content=\"900\" \/>\n\t<meta property=\"og:image:type\" content=\"image\/jpeg\" \/>\n<meta name=\"twitter:card\" content=\"summary_large_image\" \/>\n<meta name=\"twitter:title\" content=\"Cartelera de Espect\u00e1culos - M\u00fasica en vivo\" \/>\n<meta name=\"twitter:description\" content=\"Cartelera de Espect\u00e1culos - M\u00fasica en vivo\" \/>\n<meta name=\"twitter:image\" content=\"https:\/\/cooltivarte.com\/portal\/wp-content\/uploads\/2024\/02\/musica-en-vivo.jpg\" \/>\n<meta name=\"twitter:site\" content=\"@obolocultural\" \/>\n<meta name=\"twitter:label1\" content=\"Tiempo de lectura\" \/>\n\t<meta name=\"twitter:data1\" content=\"4 minutos\" \/>\n<!-- \/ Yoast SEO plugin. -->","yoast_head_json":{"title":"Calendario - Cooltivarte Portal","description":"Cartelera de Espect\u00e1culos","robots":{"index":"index","follow":"follow","max-snippet":"max-snippet:-1","max-image-preview":"max-image-preview:large","max-video-preview":"max-video-preview:-1"},"canonical":"https:\/\/cooltivarte.com\/portal\/calendario-eventos\/","og_locale":"es_ES","og_type":"article","og_title":"Cartelera de Espect\u00e1culos - M\u00fasica en vivo","og_description":"Cartelera de Espect\u00e1culos - M\u00fasica en vivo","og_url":"https:\/\/cooltivarte.com\/portal\/calendario-eventos\/","og_site_name":"Cooltivarte Portal","article_publisher":"https:\/\/www.facebook.com\/cooltivartecom\/","article_modified_time":"2026-03-05T21:26:19+00:00","og_image":[{"width":1600,"height":900,"url":"https:\/\/cooltivarte.com\/portal\/wp-content\/uploads\/2024\/02\/musica-en-vivo.jpg","type":"image\/jpeg"}],"twitter_card":"summary_large_image","twitter_title":"Cartelera de Espect\u00e1culos - M\u00fasica en vivo","twitter_description":"Cartelera de Espect\u00e1culos - M\u00fasica en vivo","twitter_image":"https:\/\/cooltivarte.com\/portal\/wp-content\/uploads\/2024\/02\/musica-en-vivo.jpg","twitter_site":"@obolocultural","twitter_misc":{"Tiempo de lectura":"4 minutos"},"schema":{"@context":"https:\/\/schema.org","@graph":[{"@type":"WebPage","@id":"https:\/\/cooltivarte.com\/portal\/calendario-eventos\/","url":"https:\/\/cooltivarte.com\/portal\/calendario-eventos\/","name":"Calendario - Cooltivarte Portal","isPartOf":{"@id":"https:\/\/cooltivarte.com\/portal\/#website"},"primaryImageOfPage":{"@id":"https:\/\/cooltivarte.com\/portal\/calendario-eventos\/#primaryimage"},"image":{"@id":"https:\/\/cooltivarte.com\/portal\/calendario-eventos\/#primaryimage"},"thumbnailUrl":"https:\/\/cooltivarte.com\/portal\/wp-content\/uploads\/2024\/02\/musica-en-vivo-1024x576.jpg","datePublished":"2020-11-05T12:14:06+00:00","dateModified":"2026-03-05T21:26:19+00:00","description":"Cartelera de Espect\u00e1culos","breadcrumb":{"@id":"https:\/\/cooltivarte.com\/portal\/calendario-eventos\/#breadcrumb"},"inLanguage":"es-AR","potentialAction":[{"@type":"ReadAction","target":["https:\/\/cooltivarte.com\/portal\/calendario-eventos\/"]}]},{"@type":"ImageObject","inLanguage":"es-AR","@id":"https:\/\/cooltivarte.com\/portal\/calendario-eventos\/#primaryimage","url":"https:\/\/cooltivarte.com\/portal\/wp-content\/uploads\/2024\/02\/musica-en-vivo.jpg","contentUrl":"https:\/\/cooltivarte.com\/portal\/wp-content\/uploads\/2024\/02\/musica-en-vivo.jpg","width":1600,"height":900,"caption":"m\u00fasica en vivo"},{"@type":"BreadcrumbList","@id":"https:\/\/cooltivarte.com\/portal\/calendario-eventos\/#breadcrumb","itemListElement":[{"@type":"ListItem","position":1,"name":"Portada","item":"https:\/\/cooltivarte.com\/portal\/"},{"@type":"ListItem","position":2,"name":"Calendario"}]},{"@type":"WebSite","@id":"https:\/\/cooltivarte.com\/portal\/#website","url":"https:\/\/cooltivarte.com\/portal\/","name":"Cooltivarte Portal","description":"Arte, cultura y turismo para el mundo ...","publisher":{"@id":"https:\/\/cooltivarte.com\/portal\/#organization"},"potentialAction":[{"@type":"SearchAction","target":{"@type":"EntryPoint","urlTemplate":"https:\/\/cooltivarte.com\/portal\/?s={search_term_string}"},"query-input":{"@type":"PropertyValueSpecification","valueRequired":true,"valueName":"search_term_string"}}],"inLanguage":"es-AR"},{"@type":"Organization","@id":"https:\/\/cooltivarte.com\/portal\/#organization","name":"cooltivarte","url":"https:\/\/cooltivarte.com\/portal\/","logo":{"@type":"ImageObject","inLanguage":"es-AR","@id":"https:\/\/cooltivarte.com\/portal\/#\/schema\/logo\/image\/","url":"https:\/\/cooltivarte.com\/portal\/wp-content\/uploads\/2020\/04\/logo-cooltivarte-v2.png","contentUrl":"https:\/\/cooltivarte.com\/portal\/wp-content\/uploads\/2020\/04\/logo-cooltivarte-v2.png","width":851,"height":243,"caption":"cooltivarte"},"image":{"@id":"https:\/\/cooltivarte.com\/portal\/#\/schema\/logo\/image\/"},"sameAs":["https:\/\/www.facebook.com\/cooltivartecom\/","https:\/\/x.com\/obolocultural","https:\/\/www.instagram.com\/_cooltivarte_\/","https:\/\/www.linkedin.com\/company\/-bolocultural?reportsuccess=8zaNG1HwhPbAR9iQhZ5rfGeqz_vQFftHun0ZWU0Wy9vNemRJ8vtcKdJvzQfW8XagyOJSKg0XvfJ1dp","https:\/\/www.pinterest.com\/cooltivarte\/","https:\/\/cooltivarte.tumblr.com\/","https:\/\/www.tiktok.com\/@cooltivarte","https:\/\/www.youtube.com\/@PrensaCooltivarte"]}]}},"_links":{"self":[{"href":"https:\/\/cooltivarte.com\/portal\/wp-json\/wp\/v2\/pages\/14588","targetHints":{"allow":["GET"]}}],"collection":[{"href":"https:\/\/cooltivarte.com\/portal\/wp-json\/wp\/v2\/pages"}],"about":[{"href":"https:\/\/cooltivarte.com\/portal\/wp-json\/wp\/v2\/types\/page"}],"author":[{"embeddable":true,"href":"https:\/\/cooltivarte.com\/portal\/wp-json\/wp\/v2\/users\/2"}],"replies":[{"embeddable":true,"href":"https:\/\/cooltivarte.com\/portal\/wp-json\/wp\/v2\/comments?post=14588"}],"version-history":[{"count":194,"href":"https:\/\/cooltivarte.com\/portal\/wp-json\/wp\/v2\/pages\/14588\/revisions"}],"predecessor-version":[{"id":123637,"href":"https:\/\/cooltivarte.com\/portal\/wp-json\/wp\/v2\/pages\/14588\/revisions\/123637"}],"wp:attachment":[{"href":"https:\/\/cooltivarte.com\/portal\/wp-json\/wp\/v2\/media?parent=14588"}],"curies":[{"name":"wp","href":"https:\/\/api.w.org\/{rel}","templated":true}]}}