{"id":127318,"date":"2026-05-04T15:19:33","date_gmt":"2026-05-04T18:19:33","guid":{"rendered":"https:\/\/cooltivarte.com\/portal\/register\/"},"modified":"2026-05-04T15:19:33","modified_gmt":"2026-05-04T18:19:33","slug":"register","status":"publish","type":"page","link":"https:\/\/cooltivarte.com\/portal\/register\/","title":{"rendered":"Register"},"content":{"rendered":"    <div class=\"emagic\">\r\n        <div id=\"ep_attendee_register_form_wrapper\" class=\" \">            <!-- <h2>Register<\/h2> -->\r\n                            <form id=\"ep_attendee_register_form\" class=\"ep-attendee-register-form ep-shadow-sm ep-border ep-rounded ep-p-5 ep-mb-3 wp-block-create-block-ep-register-block align \" style=\"Color:  ; background-color:  ;\" method=\"post\">\r\n                                        <div class=\"ep-register-response\"><\/div>\r\n                                            <div class=\"ep-form-row ep-form-group ep-mb-3\">\r\n                            <label for=\"user_name\" class=\"ep-form-label\">\r\n                                    User Name<span class=\"required\">*<\/span>                            <\/label>\r\n                            <input type=\"text\" name=\"user_name\" id=\"ep_register_user_name\" class=\"ep-form-control ep-form-input ep-input-text\" value=\"\" required=\"required\" \/>\r\n                        <\/div>\r\n                    <div class=\"ep-form-row ep-form-group ep-mb-3\">\r\n                        <label for=\"email\" class=\"ep-form-label\">\r\n                            User Email<span class=\"required\">*<\/span>                            \r\n                        <\/label>\r\n                        <input type=\"email\" name=\"email\" required id=\"ep_register_email\" class=\"ep-form-control ep-form-input ep-input-email\" value=\"\" \/>\r\n                    <\/div>\r\n                                            <div class=\"ep-form-row ep-form-group ep-mb-3\">\r\n                            <label for=\"password\" class=\"ep-form-label\">\r\n                                Password                            <\/label>\r\n                            <input type=\"password\" name=\"password\" id=\"ep_register_password\" class=\"ep-form-control ep-form-input ep-input-text\"  \/>\r\n                        <\/div>                    \r\n                                            <div class=\"ep-form-row ep-form-group ep-mb-3\">\r\n                            <label for=\"repeat_password\" class=\"ep-form-label\">\r\n                                Repeat Password                            <\/label>\r\n                            <input type=\"password\" name=\"repeat_password\" id=\"ep_register_repeat_password\" class=\"ep-form-control ep-form-input ep-input-text\"  \/>\r\n                        <\/div>\r\n                    \r\n                                            <div class=\"ep-form-row ep-form-group ep-mb-3\">\r\n                            <label for=\"phone\" class=\"ep-form-label\">\r\n                                Phone&nbsp;\r\n                                Phone                            <\/label>\r\n                            <input type=\"tel\" name=\"phone\" id=\"ep_register_phone\" class=\"ep-form-control ep-form-input ep-input-text\"  onkeypress=\"return \/[0-9a-zA-Z]\/i.test(event.key)\" data-validate=\"Phone number not valid\"\/>\r\n                        <\/div>\r\n                    \r\n                                        \r\n                                        <!-- Register Button Section for blocks and default start -->\r\n                                            <div class=\"ep-form-row ep-register-btn-section ep-form-group ep-mb-3\">\r\n                            <input type=\"hidden\" id=\"ep-attendee-register-nonce\" name=\"ep-attendee-register-nonce\" value=\"d07d3ec06d\" \/><input type=\"hidden\" name=\"_wp_http_referer\" value=\"\/portal\/wp-json\/wp\/v2\/pages\/127318\" \/>                            <button type=\"submit\" class=\"ep-btn ep-btn-dark ep-mb-2 ep-register-form-submit\" name=\"ep_register\" value=\"Register\" >\r\n                                <span class=\"ep-spinner ep-spinner-border-sm ep-mr-1\"><\/span>Register                            <\/button>\r\n                            <input type=\"hidden\" name=\"redirect\" value=\"\" \/>\r\n                        <\/div>\r\n                                        <!-- Register Button Section for blocks and default end -->\r\n                                        <div class=\"ep-form-row ep-form-group ep-mb-3\">\r\n                        <div class=\"ep-register-login\">\r\n                            Already have an account? \r\n                            <a href=\"https:\/\/cooltivarte.com\/portal\/login\/\" id=\"em_register_login1\">\r\n                                Please Login                                \r\n                            <\/a>\r\n                        <\/div>\r\n                    <\/div>\r\n                                    <\/form>        <\/div>\r\n    <\/div>\n","protected":false},"excerpt":{"rendered":"","protected":false},"author":2,"featured_media":0,"parent":0,"menu_order":0,"comment_status":"closed","ping_status":"closed","template":"","meta":{"om_disable_all_campaigns":false,"ngg_post_thumbnail":0,"jnews_page_loop":[],"jnews_single_page":[],"jnews_social_meta":[],"footnotes":""},"class_list":["post-127318","page","type-page","status-publish","hentry"],"yoast_head":"<!-- This site is optimized with the Yoast SEO plugin v27.5 - https:\/\/yoast.com\/product\/yoast-seo-wordpress\/ -->\n<title>Register - Cooltivarte Portal<\/title>\n<meta name=\"description\" content=\"COOLTIVARTE.COM es un portal digital colaborativo de actualizaci\u00f3n permanente dedicado a difundir el acontecer art\u00edstico y cultural, entrevista artistas, gestores y productores de las diferentes disciplinas del arte, y publicando art\u00edculos de reflexi\u00f3n de producci\u00f3n propia sobre los elementos culturales.\" \/>\n<meta name=\"robots\" content=\"index, follow, max-snippet:-1, max-image-preview:large, max-video-preview:-1\" \/>\n<link rel=\"canonical\" href=\"https:\/\/cooltivarte.com\/portal\/register\/\" \/>\n<meta property=\"og:locale\" content=\"es_ES\" \/>\n<meta property=\"og:type\" content=\"article\" \/>\n<meta property=\"og:title\" content=\"Register - Cooltivarte Portal\" \/>\n<meta property=\"og:description\" content=\"COOLTIVARTE.COM es un portal digital colaborativo de actualizaci\u00f3n permanente dedicado a difundir el acontecer art\u00edstico y cultural, entrevista artistas, gestores y productores de las diferentes disciplinas del arte, y publicando art\u00edculos de reflexi\u00f3n de producci\u00f3n propia sobre los elementos culturales.\" \/>\n<meta property=\"og:url\" content=\"https:\/\/cooltivarte.com\/portal\/register\/\" \/>\n<meta property=\"og:site_name\" content=\"Cooltivarte Portal\" \/>\n<meta property=\"article:publisher\" content=\"https:\/\/www.facebook.com\/cooltivartecom\/\" \/>\n<meta property=\"og:image\" content=\"https:\/\/cooltivarte.com\/portal\/wp-content\/uploads\/2020\/04\/default-image.jpg\" \/>\n\t<meta property=\"og:image:width\" content=\"1920\" \/>\n\t<meta property=\"og:image:height\" content=\"1080\" \/>\n\t<meta property=\"og:image:type\" content=\"image\/jpeg\" \/>\n<meta name=\"twitter:card\" content=\"summary_large_image\" \/>\n<meta name=\"twitter:site\" content=\"@obolocultural\" \/>\n<!-- \/ Yoast SEO plugin. -->","yoast_head_json":{"title":"Register - Cooltivarte Portal","description":"COOLTIVARTE.COM es un portal digital colaborativo de actualizaci\u00f3n permanente dedicado a difundir el acontecer art\u00edstico y cultural, entrevista artistas, gestores y productores de las diferentes disciplinas del arte, y publicando art\u00edculos de reflexi\u00f3n de producci\u00f3n propia sobre los elementos culturales.","robots":{"index":"index","follow":"follow","max-snippet":"max-snippet:-1","max-image-preview":"max-image-preview:large","max-video-preview":"max-video-preview:-1"},"canonical":"https:\/\/cooltivarte.com\/portal\/register\/","og_locale":"es_ES","og_type":"article","og_title":"Register - Cooltivarte Portal","og_description":"COOLTIVARTE.COM es un portal digital colaborativo de actualizaci\u00f3n permanente dedicado a difundir el acontecer art\u00edstico y cultural, entrevista artistas, gestores y productores de las diferentes disciplinas del arte, y publicando art\u00edculos de reflexi\u00f3n de producci\u00f3n propia sobre los elementos culturales.","og_url":"https:\/\/cooltivarte.com\/portal\/register\/","og_site_name":"Cooltivarte Portal","article_publisher":"https:\/\/www.facebook.com\/cooltivartecom\/","og_image":[{"width":1920,"height":1080,"url":"https:\/\/cooltivarte.com\/portal\/wp-content\/uploads\/2020\/04\/default-image.jpg","type":"image\/jpeg"}],"twitter_card":"summary_large_image","twitter_site":"@obolocultural","schema":{"@context":"https:\/\/schema.org","@graph":[{"@type":"WebPage","@id":"https:\/\/cooltivarte.com\/portal\/register\/","url":"https:\/\/cooltivarte.com\/portal\/register\/","name":"Register - Cooltivarte Portal","isPartOf":{"@id":"https:\/\/cooltivarte.com\/portal\/#website"},"datePublished":"2026-05-04T18:19:33+00:00","description":"COOLTIVARTE.COM es un portal digital colaborativo de actualizaci\u00f3n permanente dedicado a difundir el acontecer art\u00edstico y cultural, entrevista artistas, gestores y productores de las diferentes disciplinas del arte, y publicando art\u00edculos de reflexi\u00f3n de producci\u00f3n propia sobre los elementos culturales.","breadcrumb":{"@id":"https:\/\/cooltivarte.com\/portal\/register\/#breadcrumb"},"inLanguage":"es-AR","potentialAction":[{"@type":"ReadAction","target":["https:\/\/cooltivarte.com\/portal\/register\/"]}]},{"@type":"BreadcrumbList","@id":"https:\/\/cooltivarte.com\/portal\/register\/#breadcrumb","itemListElement":[{"@type":"ListItem","position":1,"name":"Portada","item":"https:\/\/cooltivarte.com\/portal\/"},{"@type":"ListItem","position":2,"name":"Register"}]},{"@type":"WebSite","@id":"https:\/\/cooltivarte.com\/portal\/#website","url":"https:\/\/cooltivarte.com\/portal\/","name":"Cooltivarte Portal","description":"Arte, cultura y turismo para el mundo ...","publisher":{"@id":"https:\/\/cooltivarte.com\/portal\/#organization"},"potentialAction":[{"@type":"SearchAction","target":{"@type":"EntryPoint","urlTemplate":"https:\/\/cooltivarte.com\/portal\/?s={search_term_string}"},"query-input":{"@type":"PropertyValueSpecification","valueRequired":true,"valueName":"search_term_string"}}],"inLanguage":"es-AR"},{"@type":"Organization","@id":"https:\/\/cooltivarte.com\/portal\/#organization","name":"cooltivarte","url":"https:\/\/cooltivarte.com\/portal\/","logo":{"@type":"ImageObject","inLanguage":"es-AR","@id":"https:\/\/cooltivarte.com\/portal\/#\/schema\/logo\/image\/","url":"https:\/\/cooltivarte.com\/portal\/wp-content\/uploads\/2020\/04\/logo-cooltivarte-v2.png","contentUrl":"https:\/\/cooltivarte.com\/portal\/wp-content\/uploads\/2020\/04\/logo-cooltivarte-v2.png","width":851,"height":243,"caption":"cooltivarte"},"image":{"@id":"https:\/\/cooltivarte.com\/portal\/#\/schema\/logo\/image\/"},"sameAs":["https:\/\/www.facebook.com\/cooltivartecom\/","https:\/\/x.com\/obolocultural","https:\/\/www.instagram.com\/_cooltivarte_\/","https:\/\/www.linkedin.com\/company\/-bolocultural?reportsuccess=8zaNG1HwhPbAR9iQhZ5rfGeqz_vQFftHun0ZWU0Wy9vNemRJ8vtcKdJvzQfW8XagyOJSKg0XvfJ1dp","https:\/\/www.pinterest.com\/cooltivarte\/","https:\/\/cooltivarte.tumblr.com\/","https:\/\/www.tiktok.com\/@cooltivarte","https:\/\/www.youtube.com\/@PrensaCooltivarte"]}]}},"_links":{"self":[{"href":"https:\/\/cooltivarte.com\/portal\/wp-json\/wp\/v2\/pages\/127318","targetHints":{"allow":["GET"]}}],"collection":[{"href":"https:\/\/cooltivarte.com\/portal\/wp-json\/wp\/v2\/pages"}],"about":[{"href":"https:\/\/cooltivarte.com\/portal\/wp-json\/wp\/v2\/types\/page"}],"author":[{"embeddable":true,"href":"https:\/\/cooltivarte.com\/portal\/wp-json\/wp\/v2\/users\/2"}],"replies":[{"embeddable":true,"href":"https:\/\/cooltivarte.com\/portal\/wp-json\/wp\/v2\/comments?post=127318"}],"version-history":[{"count":0,"href":"https:\/\/cooltivarte.com\/portal\/wp-json\/wp\/v2\/pages\/127318\/revisions"}],"wp:attachment":[{"href":"https:\/\/cooltivarte.com\/portal\/wp-json\/wp\/v2\/media?parent=127318"}],"curies":[{"name":"wp","href":"https:\/\/api.w.org\/{rel}","templated":true}]}}