{"id":127313,"date":"2026-05-04T15:19:29","date_gmt":"2026-05-04T18:19:29","guid":{"rendered":"https:\/\/cooltivarte.com\/portal\/event-types\/"},"modified":"2026-05-04T15:19:29","modified_gmt":"2026-05-04T18:19:29","slug":"event-types","status":"publish","type":"page","link":"https:\/\/cooltivarte.com\/portal\/event-types\/","title":{"rendered":"Event Types"},"content":{"rendered":"<div class=\"emagic\">\r\n<div class=\"ep-event-types-container ep-mb-5\" id=\"ep-event-types-container\">\r\n         <form id=\"ep_event_type_search_form\" class=\"ep-box-wrap ep-box-search-form ep-box-bottom ep-mb-4\" name=\"ep_event_type_search_form\" action=\"\">\r\n        <div class=\"ep-bg-light ep-border ep-rounded ep-px-3\">\r\n            <div class=\"ep-box-row\">\r\n                <div class=\"ep-box-col-8 ep-p-3 ep-position-relative\">\r\n                    <div class=\"ep-input-group\">\r\n                        <span class=\"ep-input-group-text ep-bg-white ep-text-muted\">\r\n                            <span class=\"material-icons-outlined\">search<\/span>\r\n                        <\/span>\r\n                        <input type=\"hidden\" name=\"ep_search\" value=\"1\" \/>\r\n                        <input placeholder=\"Keyword\" class=\"ep-form-control ep-form-control-sm ep-border-start-0\" type=\"text\" name=\"keyword\" id=\"ep_keyword\" value=\"\" \/>  \r\n                        <input class=\"ep-btn ep-btn-dark ep-btn-sm\" type=\"submit\" value=\"Search\"\/>\r\n                    <\/div>\r\n                <\/div>\r\n                <div class=\"ep-box-col-4 ep-event-filter-block ep-text-item-right ep-d-inline-flex ep-align-items-center\">\r\n                                    <\/div>\r\n            <\/div>\r\n        <\/div>\r\n    <\/form>\r\n                \r\n                    <div class=\"ep-event-type ep-event-type-card-container ep-box-wrap\"> \r\n                <div id=\"ep-event-types-loader-section\" class=\"ep-box-row ep-box-top ep-event_type-card-wrap\">\r\n                        <div class=\"ep-box-col-3 ep-col-md-6 ep-mb-3 ep-event-type-col-section\">\r\n        <div class=\"ep-box-card-item \">\r\n            <div class=\"ep-box-card-thumb\" >\r\n                <a href=\"https:\/\/cooltivarte.com\/portal\/event-types\/?event_type=26421\" class=\"ep-img-link\">\r\n                    <img decoding=\"async\" src=\"https:\/\/cooltivarte.com\/portal\/wp-content\/plugins\/eventprime-event-calendar-management\/admin\/partials\/images\/dummy_image.png\" alt=\"\"> \r\n                <\/a>\r\n            <\/div>\r\n            <div class=\"ep-box-card-content ep-bg-white\">\r\n                <div class=\"ep-box-title ep-box-card-title\">\r\n                    <a href=\"https:\/\/cooltivarte.com\/portal\/event-types\/?event_type=26421\">\r\n                        Recital                    <\/a>\r\n                <\/div>\r\n            <\/div>\r\n        <\/div>\r\n    <\/div>\r\n                    <\/div>\r\n            <\/div>    \r\n                \r\n    <\/div><\/div>\n","protected":false},"excerpt":{"rendered":"","protected":false},"author":2,"featured_media":0,"parent":0,"menu_order":0,"comment_status":"closed","ping_status":"closed","template":"","meta":{"om_disable_all_campaigns":false,"ngg_post_thumbnail":0,"jnews_page_loop":[],"jnews_single_page":[],"jnews_social_meta":[],"footnotes":""},"class_list":["post-127313","page","type-page","status-publish","hentry"],"yoast_head":"<!-- This site is optimized with the Yoast SEO plugin v27.5 - https:\/\/yoast.com\/product\/yoast-seo-wordpress\/ -->\n<title>Event Types - Cooltivarte Portal<\/title>\n<meta name=\"description\" content=\"COOLTIVARTE.COM es un portal digital colaborativo de actualizaci\u00f3n permanente dedicado a difundir el acontecer art\u00edstico y cultural, entrevista artistas, gestores y productores de las diferentes disciplinas del arte, y publicando art\u00edculos de reflexi\u00f3n de producci\u00f3n propia sobre los elementos culturales.\" \/>\n<meta name=\"robots\" content=\"index, follow, max-snippet:-1, max-image-preview:large, max-video-preview:-1\" \/>\n<link rel=\"canonical\" href=\"https:\/\/cooltivarte.com\/portal\/event-types\/\" \/>\n<meta property=\"og:locale\" content=\"es_ES\" \/>\n<meta property=\"og:type\" content=\"article\" \/>\n<meta property=\"og:title\" content=\"Event Types - Cooltivarte Portal\" \/>\n<meta property=\"og:description\" content=\"COOLTIVARTE.COM es un portal digital colaborativo de actualizaci\u00f3n permanente dedicado a difundir el acontecer art\u00edstico y cultural, entrevista artistas, gestores y productores de las diferentes disciplinas del arte, y publicando art\u00edculos de reflexi\u00f3n de producci\u00f3n propia sobre los elementos culturales.\" \/>\n<meta property=\"og:url\" content=\"https:\/\/cooltivarte.com\/portal\/event-types\/\" \/>\n<meta property=\"og:site_name\" content=\"Cooltivarte Portal\" \/>\n<meta property=\"article:publisher\" content=\"https:\/\/www.facebook.com\/cooltivartecom\/\" \/>\n<meta property=\"og:image\" content=\"https:\/\/cooltivarte.com\/portal\/wp-content\/uploads\/2020\/04\/default-image.jpg\" \/>\n\t<meta property=\"og:image:width\" content=\"1920\" \/>\n\t<meta property=\"og:image:height\" content=\"1080\" \/>\n\t<meta property=\"og:image:type\" content=\"image\/jpeg\" \/>\n<meta name=\"twitter:card\" content=\"summary_large_image\" \/>\n<meta name=\"twitter:site\" content=\"@obolocultural\" \/>\n<!-- \/ Yoast SEO plugin. -->","yoast_head_json":{"title":"Event Types - Cooltivarte Portal","description":"COOLTIVARTE.COM es un portal digital colaborativo de actualizaci\u00f3n permanente dedicado a difundir el acontecer art\u00edstico y cultural, entrevista artistas, gestores y productores de las diferentes disciplinas del arte, y publicando art\u00edculos de reflexi\u00f3n de producci\u00f3n propia sobre los elementos culturales.","robots":{"index":"index","follow":"follow","max-snippet":"max-snippet:-1","max-image-preview":"max-image-preview:large","max-video-preview":"max-video-preview:-1"},"canonical":"https:\/\/cooltivarte.com\/portal\/event-types\/","og_locale":"es_ES","og_type":"article","og_title":"Event Types - Cooltivarte Portal","og_description":"COOLTIVARTE.COM es un portal digital colaborativo de actualizaci\u00f3n permanente dedicado a difundir el acontecer art\u00edstico y cultural, entrevista artistas, gestores y productores de las diferentes disciplinas del arte, y publicando art\u00edculos de reflexi\u00f3n de producci\u00f3n propia sobre los elementos culturales.","og_url":"https:\/\/cooltivarte.com\/portal\/event-types\/","og_site_name":"Cooltivarte Portal","article_publisher":"https:\/\/www.facebook.com\/cooltivartecom\/","og_image":[{"width":1920,"height":1080,"url":"https:\/\/cooltivarte.com\/portal\/wp-content\/uploads\/2020\/04\/default-image.jpg","type":"image\/jpeg"}],"twitter_card":"summary_large_image","twitter_site":"@obolocultural","schema":{"@context":"https:\/\/schema.org","@graph":[{"@type":"WebPage","@id":"https:\/\/cooltivarte.com\/portal\/event-types\/","url":"https:\/\/cooltivarte.com\/portal\/event-types\/","name":"Event Types - Cooltivarte Portal","isPartOf":{"@id":"https:\/\/cooltivarte.com\/portal\/#website"},"datePublished":"2026-05-04T18:19:29+00:00","description":"COOLTIVARTE.COM es un portal digital colaborativo de actualizaci\u00f3n permanente dedicado a difundir el acontecer art\u00edstico y cultural, entrevista artistas, gestores y productores de las diferentes disciplinas del arte, y publicando art\u00edculos de reflexi\u00f3n de producci\u00f3n propia sobre los elementos culturales.","breadcrumb":{"@id":"https:\/\/cooltivarte.com\/portal\/event-types\/#breadcrumb"},"inLanguage":"es-AR","potentialAction":[{"@type":"ReadAction","target":["https:\/\/cooltivarte.com\/portal\/event-types\/"]}]},{"@type":"BreadcrumbList","@id":"https:\/\/cooltivarte.com\/portal\/event-types\/#breadcrumb","itemListElement":[{"@type":"ListItem","position":1,"name":"Portada","item":"https:\/\/cooltivarte.com\/portal\/"},{"@type":"ListItem","position":2,"name":"Event Types"}]},{"@type":"WebSite","@id":"https:\/\/cooltivarte.com\/portal\/#website","url":"https:\/\/cooltivarte.com\/portal\/","name":"Cooltivarte Portal","description":"Arte, cultura y turismo para el mundo ...","publisher":{"@id":"https:\/\/cooltivarte.com\/portal\/#organization"},"potentialAction":[{"@type":"SearchAction","target":{"@type":"EntryPoint","urlTemplate":"https:\/\/cooltivarte.com\/portal\/?s={search_term_string}"},"query-input":{"@type":"PropertyValueSpecification","valueRequired":true,"valueName":"search_term_string"}}],"inLanguage":"es-AR"},{"@type":"Organization","@id":"https:\/\/cooltivarte.com\/portal\/#organization","name":"cooltivarte","url":"https:\/\/cooltivarte.com\/portal\/","logo":{"@type":"ImageObject","inLanguage":"es-AR","@id":"https:\/\/cooltivarte.com\/portal\/#\/schema\/logo\/image\/","url":"https:\/\/cooltivarte.com\/portal\/wp-content\/uploads\/2020\/04\/logo-cooltivarte-v2.png","contentUrl":"https:\/\/cooltivarte.com\/portal\/wp-content\/uploads\/2020\/04\/logo-cooltivarte-v2.png","width":851,"height":243,"caption":"cooltivarte"},"image":{"@id":"https:\/\/cooltivarte.com\/portal\/#\/schema\/logo\/image\/"},"sameAs":["https:\/\/www.facebook.com\/cooltivartecom\/","https:\/\/x.com\/obolocultural","https:\/\/www.instagram.com\/_cooltivarte_\/","https:\/\/www.linkedin.com\/company\/-bolocultural?reportsuccess=8zaNG1HwhPbAR9iQhZ5rfGeqz_vQFftHun0ZWU0Wy9vNemRJ8vtcKdJvzQfW8XagyOJSKg0XvfJ1dp","https:\/\/www.pinterest.com\/cooltivarte\/","https:\/\/cooltivarte.tumblr.com\/","https:\/\/www.tiktok.com\/@cooltivarte","https:\/\/www.youtube.com\/@PrensaCooltivarte"]}]}},"_links":{"self":[{"href":"https:\/\/cooltivarte.com\/portal\/wp-json\/wp\/v2\/pages\/127313","targetHints":{"allow":["GET"]}}],"collection":[{"href":"https:\/\/cooltivarte.com\/portal\/wp-json\/wp\/v2\/pages"}],"about":[{"href":"https:\/\/cooltivarte.com\/portal\/wp-json\/wp\/v2\/types\/page"}],"author":[{"embeddable":true,"href":"https:\/\/cooltivarte.com\/portal\/wp-json\/wp\/v2\/users\/2"}],"replies":[{"embeddable":true,"href":"https:\/\/cooltivarte.com\/portal\/wp-json\/wp\/v2\/comments?post=127313"}],"version-history":[{"count":0,"href":"https:\/\/cooltivarte.com\/portal\/wp-json\/wp\/v2\/pages\/127313\/revisions"}],"wp:attachment":[{"href":"https:\/\/cooltivarte.com\/portal\/wp-json\/wp\/v2\/media?parent=127313"}],"curies":[{"name":"wp","href":"https:\/\/api.w.org\/{rel}","templated":true}]}}